{"id":102,"date":"2020-09-21T09:30:50","date_gmt":"2020-09-21T12:30:50","guid":{"rendered":"http:\/\/www.servitel.com.br\/site\/?page_id=102"},"modified":"2021-03-10T10:16:15","modified_gmt":"2021-03-10T13:16:15","slug":"empresa","status":"publish","type":"page","link":"https:\/\/www.servitel.com.br\/site\/empresa\/","title":{"rendered":"Empresa"},"content":{"rendered":"\t\t<div data-elementor-type=\"wp-page\" data-elementor-id=\"102\" class=\"elementor elementor-102\" data-elementor-post-type=\"page\">\n\t\t\t\t\t\t<section class=\"elementor-section elementor-top-section elementor-element elementor-element-cb134ab elementor-section-boxed elementor-section-height-default elementor-section-height-default\" data-id=\"cb134ab\" data-element_type=\"section\" data-e-type=\"section\">\n\t\t\t\t\t\t<div class=\"elementor-container elementor-column-gap-default\">\n\t\t\t\t\t<div class=\"elementor-column elementor-col-100 elementor-top-column elementor-element elementor-element-cf7057e\" data-id=\"cf7057e\" data-element_type=\"column\" data-e-type=\"column\">\n\t\t\t<div class=\"elementor-widget-wrap elementor-element-populated\">\n\t\t\t\t\t\t<div class=\"elementor-element elementor-element-bdfb8a0 elementor-widget elementor-widget-image\" data-id=\"bdfb8a0\" data-element_type=\"widget\" data-e-type=\"widget\" data-widget_type=\"image.default\">\n\t\t\t\t<div class=\"elementor-widget-container\">\n\t\t\t\t\t\t\t\t\t\t\t\t\t\t\t<img fetchpriority=\"high\" decoding=\"async\" width=\"1000\" height=\"430\" src=\"https:\/\/www.servitel.com.br\/site\/wp-content\/uploads\/2021\/01\/banner-empresa02-scaled-ovzjcc3ogerh5v9ou1e3wqzcg5h1l3kyphh12jbob0.jpg\" class=\"attachment-full size-full wp-image-683\" alt=\"\" srcset=\"https:\/\/www.servitel.com.br\/site\/wp-content\/uploads\/2021\/01\/banner-empresa02-scaled-ovzjcc3ogerh5v9ou1e3wqzcg5h1l3kyphh12jbob0.jpg 1000w, https:\/\/www.servitel.com.br\/site\/wp-content\/uploads\/2021\/01\/banner-empresa02-scaled-ovzjcc3ogerh5v9ou1e3wqzcg5h1l3kyphh12jbob0-300x129.jpg 300w, https:\/\/www.servitel.com.br\/site\/wp-content\/uploads\/2021\/01\/banner-empresa02-scaled-ovzjcc3ogerh5v9ou1e3wqzcg5h1l3kyphh12jbob0-768x330.jpg 768w\" sizes=\"(max-width: 1000px) 100vw, 1000px\" \/>\t\t\t\t\t\t\t\t\t\t\t\t\t\t\t<\/div>\n\t\t\t\t<\/div>\n\t\t\t\t<div class=\"elementor-element elementor-element-54bdf9d elementor-widget elementor-widget-heading\" data-id=\"54bdf9d\" data-element_type=\"widget\" data-e-type=\"widget\" data-widget_type=\"heading.default\">\n\t\t\t\t<div class=\"elementor-widget-container\">\n\t\t\t\t\t<h3 class=\"elementor-heading-title elementor-size-default\">Empresa<\/h3>\t\t\t\t<\/div>\n\t\t\t\t<\/div>\n\t\t\t\t<div class=\"elementor-element elementor-element-b650f6b elementor-widget elementor-widget-text-editor\" data-id=\"b650f6b\" data-element_type=\"widget\" data-e-type=\"widget\" data-widget_type=\"text-editor.default\">\n\t\t\t\t<div class=\"elementor-widget-container\">\n\t\t\t\t\t\t\t\t\t<p>A <strong>Servitel Equipamentos El\u00e9tricos e Eletr\u00f4nicos LTDA<\/strong>, \u00e9 uma empresa do ramo de automa\u00e7\u00e3o que atua nas \u00e1reas de el\u00e9trica, eletr\u00f4nica e instrumenta\u00e7\u00e3o, desde 1987, oferecendo servi\u00e7os e produtos diferenciados com qualidade, tecnologia e seguran\u00e7a.<\/p><p>Temos como principal meta a busca de solu\u00e7\u00f5es tecnol\u00f3gicas adequadas \u00e0s particularidades e expectativas de cada cliente e para isso, conta com uma equipe t\u00e9cnica composta de profissionais especializados e qualificados para o ramo de automa\u00e7\u00e3o industrial.<\/p><p>Atuamos em diversos segmentos industriais, tais como, Qu\u00edmicos, Metal\u00fargicos, Sider\u00fargicos, Aliment\u00edcios, Petroqu\u00edmicos, Borracha e T\u00eaxtil.<\/p><p>A <strong>Servitel<\/strong> coloca \u00e0 disposi\u00e7\u00e3o de seus clientes, sua linha de produtos eletroeletr\u00f4nicos e seus servi\u00e7os t\u00e9cnicos, visando elevar o n\u00edvel de qualidade de processo atrav\u00e9s do avan\u00e7o tecnol\u00f3gico da automa\u00e7\u00e3o industrial.<\/p>\t\t\t\t\t\t\t\t<\/div>\n\t\t\t\t<\/div>\n\t\t\t\t\t<\/div>\n\t\t<\/div>\n\t\t\t\t\t<\/div>\n\t\t<\/section>\n\t\t\t\t<\/div>\n\t\t","protected":false},"excerpt":{"rendered":"<p>Empresa A Servitel Equipamentos El\u00e9tricos e Eletr\u00f4nicos LTDA, \u00e9 uma empresa do ramo de automa\u00e7\u00e3o que atua nas \u00e1reas de el\u00e9trica, eletr\u00f4nica e instrumenta\u00e7\u00e3o, desde 1987, oferecendo servi\u00e7os e produtos diferenciados com qualidade, tecnologia e seguran\u00e7a. Temos como principal meta a busca de solu\u00e7\u00f5es tecnol\u00f3gicas adequadas \u00e0s particularidades e expectativas de cada cliente e para [&hellip;]<\/p>\n","protected":false},"author":1,"featured_media":0,"parent":0,"menu_order":0,"comment_status":"closed","ping_status":"closed","template":"elementor_header_footer","meta":{"footnotes":""},"class_list":["post-102","page","type-page","status-publish","hentry"],"_links":{"self":[{"href":"https:\/\/www.servitel.com.br\/site\/wp-json\/wp\/v2\/pages\/102","targetHints":{"allow":["GET"]}}],"collection":[{"href":"https:\/\/www.servitel.com.br\/site\/wp-json\/wp\/v2\/pages"}],"about":[{"href":"https:\/\/www.servitel.com.br\/site\/wp-json\/wp\/v2\/types\/page"}],"author":[{"embeddable":true,"href":"https:\/\/www.servitel.com.br\/site\/wp-json\/wp\/v2\/users\/1"}],"replies":[{"embeddable":true,"href":"https:\/\/www.servitel.com.br\/site\/wp-json\/wp\/v2\/comments?post=102"}],"version-history":[{"count":29,"href":"https:\/\/www.servitel.com.br\/site\/wp-json\/wp\/v2\/pages\/102\/revisions"}],"predecessor-version":[{"id":1483,"href":"https:\/\/www.servitel.com.br\/site\/wp-json\/wp\/v2\/pages\/102\/revisions\/1483"}],"wp:attachment":[{"href":"https:\/\/www.servitel.com.br\/site\/wp-json\/wp\/v2\/media?parent=102"}],"curies":[{"name":"wp","href":"https:\/\/api.w.org\/{rel}","templated":true}]}}