{"id":121,"date":"2020-09-21T09:46:04","date_gmt":"2020-09-21T12:46:04","guid":{"rendered":"http:\/\/www.servitel.com.br\/site\/?page_id=121"},"modified":"2021-01-29T09:20:31","modified_gmt":"2021-01-29T12:20:31","slug":"servicos","status":"publish","type":"page","link":"https:\/\/www.servitel.com.br\/site\/servicos\/","title":{"rendered":"Servi\u00e7os"},"content":{"rendered":"\t\t<div data-elementor-type=\"wp-page\" data-elementor-id=\"121\" class=\"elementor elementor-121\" data-elementor-post-type=\"page\">\n\t\t\t\t\t\t<section class=\"elementor-section elementor-top-section elementor-element elementor-element-8c3eaf8 elementor-section-boxed elementor-section-height-default elementor-section-height-default\" data-id=\"8c3eaf8\" data-element_type=\"section\" data-e-type=\"section\">\n\t\t\t\t\t\t<div class=\"elementor-container elementor-column-gap-default\">\n\t\t\t\t\t<div class=\"elementor-column elementor-col-50 elementor-top-column elementor-element elementor-element-f433902\" data-id=\"f433902\" data-element_type=\"column\" data-e-type=\"column\">\n\t\t\t<div class=\"elementor-widget-wrap elementor-element-populated\">\n\t\t\t\t\t\t<div class=\"elementor-element elementor-element-ffd5944 elementor-widget elementor-widget-image\" data-id=\"ffd5944\" data-element_type=\"widget\" data-e-type=\"widget\" data-widget_type=\"image.default\">\n\t\t\t\t<div class=\"elementor-widget-container\">\n\t\t\t\t\t\t\t\t\t\t\t\t\t\t\t<img decoding=\"async\" src=\"https:\/\/www.servitel.com.br\/site\/wp-content\/uploads\/2021\/01\/servicos-servitel.jpg\" title=\"servi\u00e7os-servitel\" alt=\"servi\u00e7os-servitel\" loading=\"lazy\" \/>\t\t\t\t\t\t\t\t\t\t\t\t\t\t\t<\/div>\n\t\t\t\t<\/div>\n\t\t\t\t\t<\/div>\n\t\t<\/div>\n\t\t\t\t<div class=\"elementor-column elementor-col-50 elementor-top-column elementor-element elementor-element-b380d59\" data-id=\"b380d59\" data-element_type=\"column\" data-e-type=\"column\">\n\t\t\t<div class=\"elementor-widget-wrap elementor-element-populated\">\n\t\t\t\t\t\t<div class=\"elementor-element elementor-element-6de0699 elementor-widget elementor-widget-heading\" data-id=\"6de0699\" data-element_type=\"widget\" data-e-type=\"widget\" data-widget_type=\"heading.default\">\n\t\t\t\t<div class=\"elementor-widget-container\">\n\t\t\t\t\t<h3 class=\"elementor-heading-title elementor-size-default\">Principais Servi\u00e7os<\/h3>\t\t\t\t<\/div>\n\t\t\t\t<\/div>\n\t\t\t\t<div class=\"elementor-element elementor-element-cf382ba elementor-widget elementor-widget-text-editor\" data-id=\"cf382ba\" data-element_type=\"widget\" data-e-type=\"widget\" data-widget_type=\"text-editor.default\">\n\t\t\t\t<div class=\"elementor-widget-container\">\n\t\t\t\t\t\t\t\t\t<ul>\n<li>Montagem de pain\u00e9is;<\/li>\n<li>Manuten\u00e7\u00e3o de equipamentos em geral;<\/li>\n<li>M\u00e3o de obra e instala\u00e7\u00e3o em campo;<\/li>\n<li>Manuten\u00e7\u00e3o de transmissores e posicionadores;<\/li>\n<li>Projetos el\u00e9tricos de automa\u00e7\u00e3o;<\/li>\n<li>Plaquetas de Identifica\u00e7\u00e3o para:<br>&#8211; Pain\u00e9is em Acr\u00edlico, Alum\u00ednio, INOX, PVC, etc;<\/li>\n<li>Sin\u00f3pticos para Pain\u00e9is em Acr\u00edlico e Alum\u00ednio;<\/li>\n<li>Frontais de Equipamentos em PVC, Acr\u00edlico, Policarbonato, etc;<\/li>\n<li>Adesivos de Voltagem ou outras identifica\u00e7\u00f5es;<\/li>\n<\/ul>\t\t\t\t\t\t\t\t<\/div>\n\t\t\t\t<\/div>\n\t\t\t\t\t<\/div>\n\t\t<\/div>\n\t\t\t\t\t<\/div>\n\t\t<\/section>\n\t\t\t\t<\/div>\n\t\t","protected":false},"excerpt":{"rendered":"<p>Principais Servi\u00e7os Montagem de pain\u00e9is; Manuten\u00e7\u00e3o de equipamentos em geral; M\u00e3o de obra e instala\u00e7\u00e3o em campo; Manuten\u00e7\u00e3o de transmissores e posicionadores; Projetos el\u00e9tricos de automa\u00e7\u00e3o; Plaquetas de Identifica\u00e7\u00e3o para:&#8211; Pain\u00e9is em Acr\u00edlico, Alum\u00ednio, INOX, PVC, etc; Sin\u00f3pticos para Pain\u00e9is em Acr\u00edlico e Alum\u00ednio; Frontais de Equipamentos em PVC, Acr\u00edlico, Policarbonato, etc; Adesivos de Voltagem [&hellip;]<\/p>\n","protected":false},"author":1,"featured_media":0,"parent":0,"menu_order":0,"comment_status":"closed","ping_status":"closed","template":"elementor_header_footer","meta":{"footnotes":""},"class_list":["post-121","page","type-page","status-publish","hentry"],"_links":{"self":[{"href":"https:\/\/www.servitel.com.br\/site\/wp-json\/wp\/v2\/pages\/121","targetHints":{"allow":["GET"]}}],"collection":[{"href":"https:\/\/www.servitel.com.br\/site\/wp-json\/wp\/v2\/pages"}],"about":[{"href":"https:\/\/www.servitel.com.br\/site\/wp-json\/wp\/v2\/types\/page"}],"author":[{"embeddable":true,"href":"https:\/\/www.servitel.com.br\/site\/wp-json\/wp\/v2\/users\/1"}],"replies":[{"embeddable":true,"href":"https:\/\/www.servitel.com.br\/site\/wp-json\/wp\/v2\/comments?post=121"}],"version-history":[{"count":11,"href":"https:\/\/www.servitel.com.br\/site\/wp-json\/wp\/v2\/pages\/121\/revisions"}],"predecessor-version":[{"id":670,"href":"https:\/\/www.servitel.com.br\/site\/wp-json\/wp\/v2\/pages\/121\/revisions\/670"}],"wp:attachment":[{"href":"https:\/\/www.servitel.com.br\/site\/wp-json\/wp\/v2\/media?parent=121"}],"curies":[{"name":"wp","href":"https:\/\/api.w.org\/{rel}","templated":true}]}}