{"id":1253,"date":"2021-03-10T08:11:16","date_gmt":"2021-03-10T11:11:16","guid":{"rendered":"http:\/\/www.servitel.com.br\/site\/?page_id=1253"},"modified":"2021-03-10T09:36:52","modified_gmt":"2021-03-10T12:36:52","slug":"produtos-transdutores-sm-7015","status":"publish","type":"page","link":"https:\/\/www.servitel.com.br\/site\/produtos-transdutores-sm-7015\/","title":{"rendered":"SM-7015"},"content":{"rendered":"\t\t<div data-elementor-type=\"wp-page\" data-elementor-id=\"1253\" class=\"elementor elementor-1253\" data-elementor-post-type=\"page\">\n\t\t\t\t\t\t<section class=\"elementor-section elementor-top-section elementor-element elementor-element-1add154 elementor-section-boxed elementor-section-height-default elementor-section-height-default\" data-id=\"1add154\" data-element_type=\"section\" data-e-type=\"section\">\n\t\t\t\t\t\t<div class=\"elementor-container elementor-column-gap-default\">\n\t\t\t\t\t<div class=\"elementor-column elementor-col-100 elementor-top-column elementor-element elementor-element-6ba8e31a\" data-id=\"6ba8e31a\" data-element_type=\"column\" data-e-type=\"column\">\n\t\t\t<div class=\"elementor-widget-wrap elementor-element-populated\">\n\t\t\t\t\t\t<div class=\"elementor-element elementor-element-1a15a4b6 elementor-widget elementor-widget-heading\" data-id=\"1a15a4b6\" data-element_type=\"widget\" data-e-type=\"widget\" data-widget_type=\"heading.default\">\n\t\t\t\t<div class=\"elementor-widget-container\">\n\t\t\t\t\t<h4 class=\"elementor-heading-title elementor-size-default\">Somador de Sinal de 15 Entradas<\/h4>\t\t\t\t<\/div>\n\t\t\t\t<\/div>\n\t\t\t\t<div class=\"elementor-element elementor-element-27255ca3 elementor-widget elementor-widget-heading\" data-id=\"27255ca3\" data-element_type=\"widget\" data-e-type=\"widget\" data-widget_type=\"heading.default\">\n\t\t\t\t<div class=\"elementor-widget-container\">\n\t\t\t\t\t<h5 class=\"elementor-heading-title elementor-size-default\">MODELO<\/h5>\t\t\t\t<\/div>\n\t\t\t\t<\/div>\n\t\t\t\t<div class=\"elementor-element elementor-element-9361a45 elementor-widget elementor-widget-heading\" data-id=\"9361a45\" data-element_type=\"widget\" data-e-type=\"widget\" data-widget_type=\"heading.default\">\n\t\t\t\t<div class=\"elementor-widget-container\">\n\t\t\t\t\t<h5 class=\"elementor-heading-title elementor-size-default\">SM-7015<\/h5>\t\t\t\t<\/div>\n\t\t\t\t<\/div>\n\t\t\t\t<div class=\"elementor-element elementor-element-2ee2cc51 elementor-widget elementor-widget-heading\" data-id=\"2ee2cc51\" data-element_type=\"widget\" data-e-type=\"widget\" data-widget_type=\"heading.default\">\n\t\t\t\t<div class=\"elementor-widget-container\">\n\t\t\t\t\t<h5 class=\"elementor-heading-title elementor-size-default\">REFER\u00caNCIA<\/h5>\t\t\t\t<\/div>\n\t\t\t\t<\/div>\n\t\t\t\t<div class=\"elementor-element elementor-element-60cd905d elementor-widget elementor-widget-heading\" data-id=\"60cd905d\" data-element_type=\"widget\" data-e-type=\"widget\" data-widget_type=\"heading.default\">\n\t\t\t\t<div class=\"elementor-widget-container\">\n\t\t\t\t\t<h5 class=\"elementor-heading-title elementor-size-default\">751<\/h5>\t\t\t\t<\/div>\n\t\t\t\t<\/div>\n\t\t\t\t\t<\/div>\n\t\t<\/div>\n\t\t\t\t\t<\/div>\n\t\t<\/section>\n\t\t\t\t<section class=\"elementor-section elementor-top-section elementor-element elementor-element-4451626 elementor-section-boxed elementor-section-height-default elementor-section-height-default\" data-id=\"4451626\" data-element_type=\"section\" data-e-type=\"section\">\n\t\t\t\t\t\t<div class=\"elementor-container elementor-column-gap-default\">\n\t\t\t\t\t<div class=\"elementor-column elementor-col-50 elementor-top-column elementor-element elementor-element-104b93a5\" data-id=\"104b93a5\" data-element_type=\"column\" data-e-type=\"column\">\n\t\t\t<div class=\"elementor-widget-wrap elementor-element-populated\">\n\t\t\t\t\t\t<div class=\"elementor-element elementor-element-3bfe0a53 elementor-widget elementor-widget-image\" data-id=\"3bfe0a53\" data-element_type=\"widget\" data-e-type=\"widget\" data-widget_type=\"image.default\">\n\t\t\t\t<div class=\"elementor-widget-container\">\n\t\t\t\t\t\t\t\t\t\t\t\t\t\t\t<img fetchpriority=\"high\" decoding=\"async\" width=\"300\" height=\"300\" src=\"https:\/\/www.servitel.com.br\/site\/wp-content\/uploads\/2020\/10\/semfoto-1.jpg\" class=\"attachment-medium size-medium wp-image-346\" alt=\"\" srcset=\"https:\/\/www.servitel.com.br\/site\/wp-content\/uploads\/2020\/10\/semfoto-1.jpg 300w, https:\/\/www.servitel.com.br\/site\/wp-content\/uploads\/2020\/10\/semfoto-1-150x150.jpg 150w\" sizes=\"(max-width: 300px) 100vw, 300px\" \/>\t\t\t\t\t\t\t\t\t\t\t\t\t\t\t<\/div>\n\t\t\t\t<\/div>\n\t\t\t\t\t<\/div>\n\t\t<\/div>\n\t\t\t\t<div class=\"elementor-column elementor-col-50 elementor-top-column elementor-element elementor-element-6b628c9f\" data-id=\"6b628c9f\" data-element_type=\"column\" data-e-type=\"column\">\n\t\t\t<div class=\"elementor-widget-wrap elementor-element-populated\">\n\t\t\t\t\t\t<div class=\"elementor-element elementor-element-426c3eba elementor-widget elementor-widget-heading\" data-id=\"426c3eba\" data-element_type=\"widget\" data-e-type=\"widget\" data-widget_type=\"heading.default\">\n\t\t\t\t<div class=\"elementor-widget-container\">\n\t\t\t\t\t<h5 class=\"elementor-heading-title elementor-size-default\">Descri\u00e7\u00e3o T\u00e9cnica <\/h5>\t\t\t\t<\/div>\n\t\t\t\t<\/div>\n\t\t\t\t<div class=\"elementor-element elementor-element-74dbafc8 elementor-widget elementor-widget-text-editor\" data-id=\"74dbafc8\" data-element_type=\"widget\" data-e-type=\"widget\" data-widget_type=\"text-editor.default\">\n\t\t\t\t<div class=\"elementor-widget-container\">\n\t\t\t\t\t\t\t\t\t<p>Alimenta\u00e7\u00e3o: (Full-Range) 85 a 265Vca (50\/60Hz)<br \/>Entrada: Coletor Aberto ou Contato seco<br \/>N\u00ba de Entradas: 15<br \/>Alimenta\u00e7\u00e3o Sensor Externo: 12Vdc \/ 1A<br \/>Sa\u00edda: Corrente 4a20mA<br \/>Imp. de Carga: 1K\u00a7\u00d9 (m\u00e1x)<br \/>Isola\u00e7\u00e3o: \u00d3ptica (Entrada \/ Sa\u00edda)<br \/>Inv\u00f3lucro: ABS de Alta-resist\u00eancia<br \/>Grau de Prote\u00e7\u00e3o: IP50 conforme NBR6146<br \/>Dimens\u00f5es: 70x150x112mm (A x L x P)<br \/>Montagem: Trilho Din de 35mm ou Superf\u00edcie<\/p>\t\t\t\t\t\t\t\t<\/div>\n\t\t\t\t<\/div>\n\t\t\t\t\t<\/div>\n\t\t<\/div>\n\t\t\t\t\t<\/div>\n\t\t<\/section>\n\t\t\t\t<section class=\"elementor-section elementor-top-section elementor-element elementor-element-2717b06 elementor-section-boxed elementor-section-height-default elementor-section-height-default\" data-id=\"2717b06\" data-element_type=\"section\" data-e-type=\"section\">\n\t\t\t\t\t\t<div class=\"elementor-container elementor-column-gap-default\">\n\t\t\t\t\t<div class=\"elementor-column elementor-col-50 elementor-top-column elementor-element elementor-element-10c3f595\" data-id=\"10c3f595\" data-element_type=\"column\" data-e-type=\"column\">\n\t\t\t<div class=\"elementor-widget-wrap elementor-element-populated\">\n\t\t\t\t\t\t<div class=\"elementor-element elementor-element-5b0fbde4 elementor-align-right elementor-widget elementor-widget-button\" data-id=\"5b0fbde4\" data-element_type=\"widget\" data-e-type=\"widget\" data-widget_type=\"button.default\">\n\t\t\t\t<div class=\"elementor-widget-container\">\n\t\t\t\t\t\t\t\t\t<div class=\"elementor-button-wrapper\">\n\t\t\t\t\t<a class=\"elementor-button elementor-button-link elementor-size-sm\" href=\"https:\/\/www.servitel.com.br\/site\/produtos\/transdutores\/\">\n\t\t\t\t\t\t<span class=\"elementor-button-content-wrapper\">\n\t\t\t\t\t\t<span class=\"elementor-button-icon\">\n\t\t\t\t<i aria-hidden=\"true\" class=\"fas fa-angle-left\"><\/i>\t\t\t<\/span>\n\t\t\t\t\t\t\t\t\t<span class=\"elementor-button-text\">Voltar<\/span>\n\t\t\t\t\t<\/span>\n\t\t\t\t\t<\/a>\n\t\t\t\t<\/div>\n\t\t\t\t\t\t\t\t<\/div>\n\t\t\t\t<\/div>\n\t\t\t\t\t<\/div>\n\t\t<\/div>\n\t\t\t\t<div class=\"elementor-column elementor-col-50 elementor-top-column elementor-element elementor-element-a0ca51\" data-id=\"a0ca51\" data-element_type=\"column\" data-e-type=\"column\">\n\t\t\t<div class=\"elementor-widget-wrap elementor-element-populated\">\n\t\t\t\t\t\t<div class=\"elementor-element elementor-element-15021626 elementor-widget elementor-widget-button\" data-id=\"15021626\" data-element_type=\"widget\" data-e-type=\"widget\" data-widget_type=\"button.default\">\n\t\t\t\t<div class=\"elementor-widget-container\">\n\t\t\t\t\t\t\t\t\t<div class=\"elementor-button-wrapper\">\n\t\t\t\t\t<a class=\"elementor-button elementor-button-link elementor-size-sm\" href=\"https:\/\/www.servitel.com.br\/site\/contatos\/\">\n\t\t\t\t\t\t<span class=\"elementor-button-content-wrapper\">\n\t\t\t\t\t\t<span class=\"elementor-button-icon\">\n\t\t\t\t<i aria-hidden=\"true\" class=\"fas fa-angle-right\"><\/i>\t\t\t<\/span>\n\t\t\t\t\t\t\t\t\t<span class=\"elementor-button-text\">Or\u00e7amento<\/span>\n\t\t\t\t\t<\/span>\n\t\t\t\t\t<\/a>\n\t\t\t\t<\/div>\n\t\t\t\t\t\t\t\t<\/div>\n\t\t\t\t<\/div>\n\t\t\t\t\t<\/div>\n\t\t<\/div>\n\t\t\t\t\t<\/div>\n\t\t<\/section>\n\t\t\t\t<\/div>\n\t\t","protected":false},"excerpt":{"rendered":"<p>Somador de Sinal de 15 Entradas MODELO SM-7015 REFER\u00caNCIA 751 Descri\u00e7\u00e3o T\u00e9cnica Alimenta\u00e7\u00e3o: (Full-Range) 85 a 265Vca (50\/60Hz)Entrada: Coletor Aberto ou Contato secoN\u00ba de Entradas: 15Alimenta\u00e7\u00e3o Sensor Externo: 12Vdc \/ 1ASa\u00edda: Corrente 4a20mAImp. de Carga: 1K\u00a7\u00d9 (m\u00e1x)Isola\u00e7\u00e3o: \u00d3ptica (Entrada \/ Sa\u00edda)Inv\u00f3lucro: ABS de Alta-resist\u00eanciaGrau de Prote\u00e7\u00e3o: IP50 conforme NBR6146Dimens\u00f5es: 70x150x112mm (A x L x P)Montagem: [&hellip;]<\/p>\n","protected":false},"author":1,"featured_media":0,"parent":0,"menu_order":0,"comment_status":"closed","ping_status":"closed","template":"elementor_header_footer","meta":{"footnotes":""},"class_list":["post-1253","page","type-page","status-publish","hentry"],"_links":{"self":[{"href":"https:\/\/www.servitel.com.br\/site\/wp-json\/wp\/v2\/pages\/1253","targetHints":{"allow":["GET"]}}],"collection":[{"href":"https:\/\/www.servitel.com.br\/site\/wp-json\/wp\/v2\/pages"}],"about":[{"href":"https:\/\/www.servitel.com.br\/site\/wp-json\/wp\/v2\/types\/page"}],"author":[{"embeddable":true,"href":"https:\/\/www.servitel.com.br\/site\/wp-json\/wp\/v2\/users\/1"}],"replies":[{"embeddable":true,"href":"https:\/\/www.servitel.com.br\/site\/wp-json\/wp\/v2\/comments?post=1253"}],"version-history":[{"count":10,"href":"https:\/\/www.servitel.com.br\/site\/wp-json\/wp\/v2\/pages\/1253\/revisions"}],"predecessor-version":[{"id":1475,"href":"https:\/\/www.servitel.com.br\/site\/wp-json\/wp\/v2\/pages\/1253\/revisions\/1475"}],"wp:attachment":[{"href":"https:\/\/www.servitel.com.br\/site\/wp-json\/wp\/v2\/media?parent=1253"}],"curies":[{"name":"wp","href":"https:\/\/api.w.org\/{rel}","templated":true}]}}