{"id":38,"date":"2020-09-21T09:29:42","date_gmt":"2020-09-21T12:29:42","guid":{"rendered":"http:\/\/www.servitel.com.br\/site\/?page_id=38"},"modified":"2021-03-15T08:59:06","modified_gmt":"2021-03-15T11:59:06","slug":"home","status":"publish","type":"page","link":"https:\/\/www.servitel.com.br\/site\/","title":{"rendered":"Home"},"content":{"rendered":"\t\t<div data-elementor-type=\"wp-page\" data-elementor-id=\"38\" class=\"elementor elementor-38\" data-elementor-post-type=\"page\">\n\t\t\t\t\t\t<section class=\"elementor-section elementor-top-section elementor-element elementor-element-5363f2fc elementor-section-height-min-height elementor-section-items-stretch elementor-section-boxed elementor-section-height-default elementor-invisible\" data-id=\"5363f2fc\" data-element_type=\"section\" data-e-type=\"section\" data-settings=\"{&quot;background_background&quot;:&quot;gradient&quot;,&quot;animation&quot;:&quot;zoomIn&quot;}\">\n\t\t\t\t\t\t\t<div class=\"elementor-background-overlay\"><\/div>\n\t\t\t\t\t\t\t<div class=\"elementor-container elementor-column-gap-default\">\n\t\t\t\t\t<div class=\"elementor-column elementor-col-100 elementor-top-column elementor-element elementor-element-9a11069\" data-id=\"9a11069\" data-element_type=\"column\" data-e-type=\"column\">\n\t\t\t<div class=\"elementor-widget-wrap elementor-element-populated\">\n\t\t\t\t\t\t<div class=\"elementor-element elementor-element-4b20f2b1 elementor-widget elementor-widget-heading\" data-id=\"4b20f2b1\" data-element_type=\"widget\" data-e-type=\"widget\" data-widget_type=\"heading.default\">\n\t\t\t\t<div class=\"elementor-widget-container\">\n\t\t\t\t\t<h3 class=\"elementor-heading-title elementor-size-default\">Conhe\u00e7a nossos produtos de alta qualidade e confiabilidade<\/h3>\t\t\t\t<\/div>\n\t\t\t\t<\/div>\n\t\t\t\t<div class=\"elementor-element elementor-element-3b51e578 animated-fast elementor-invisible elementor-widget elementor-widget-heading\" data-id=\"3b51e578\" data-element_type=\"widget\" data-e-type=\"widget\" data-settings=\"{&quot;_animation&quot;:&quot;zoomIn&quot;,&quot;_animation_delay&quot;:200}\" data-widget_type=\"heading.default\">\n\t\t\t\t<div class=\"elementor-widget-container\">\n\t\t\t\t\t<h6 class=\"elementor-heading-title elementor-size-default\">temos a solu\u00e7\u00e3o que voc\u00ea precisa<\/h6>\t\t\t\t<\/div>\n\t\t\t\t<\/div>\n\t\t\t\t<div class=\"elementor-element elementor-element-27615def elementor-tablet-align-center elementor-align-center elementor-invisible elementor-widget elementor-widget-button\" data-id=\"27615def\" data-element_type=\"widget\" data-e-type=\"widget\" data-settings=\"{&quot;_animation&quot;:&quot;fadeIn&quot;,&quot;_animation_delay&quot;:400}\" data-widget_type=\"button.default\">\n\t\t\t\t<div class=\"elementor-widget-container\">\n\t\t\t\t\t\t\t\t\t<div class=\"elementor-button-wrapper\">\n\t\t\t\t\t<a class=\"elementor-button elementor-button-link elementor-size-md elementor-animation-float\" href=\"https:\/\/www.servitel.com.br\/site\/produtos\/fontes\/\">\n\t\t\t\t\t\t<span class=\"elementor-button-content-wrapper\">\n\t\t\t\t\t\t\t\t\t<span class=\"elementor-button-text\">SAIBA MAIS<\/span>\n\t\t\t\t\t<\/span>\n\t\t\t\t\t<\/a>\n\t\t\t\t<\/div>\n\t\t\t\t\t\t\t\t<\/div>\n\t\t\t\t<\/div>\n\t\t\t\t\t<\/div>\n\t\t<\/div>\n\t\t\t\t\t<\/div>\n\t\t<\/section>\n\t\t\t\t<section class=\"elementor-section elementor-top-section elementor-element elementor-element-3443912 elementor-section-boxed elementor-section-height-default elementor-section-height-default\" data-id=\"3443912\" data-element_type=\"section\" data-e-type=\"section\">\n\t\t\t\t\t\t<div class=\"elementor-container elementor-column-gap-narrow\">\n\t\t\t\t\t<div class=\"elementor-column elementor-col-50 elementor-top-column elementor-element elementor-element-4f106eb\" data-id=\"4f106eb\" data-element_type=\"column\" data-e-type=\"column\">\n\t\t\t<div class=\"elementor-widget-wrap elementor-element-populated\">\n\t\t\t\t\t\t<div class=\"elementor-element elementor-element-2058f46 elementor-widget elementor-widget-heading\" data-id=\"2058f46\" data-element_type=\"widget\" data-e-type=\"widget\" data-widget_type=\"heading.default\">\n\t\t\t\t<div class=\"elementor-widget-container\">\n\t\t\t\t\t<h5 class=\"elementor-heading-title elementor-size-default\">Principais Produtos Fabricados<\/h5>\t\t\t\t<\/div>\n\t\t\t\t<\/div>\n\t\t\t\t<div class=\"elementor-element elementor-element-6e898a2 elementor-widget elementor-widget-text-editor\" data-id=\"6e898a2\" data-element_type=\"widget\" data-e-type=\"widget\" data-widget_type=\"text-editor.default\">\n\t\t\t\t<div class=\"elementor-widget-container\">\n\t\t\t\t\t\t\t\t\t<ul><li>Tac\u00f4metros;<\/li><li>Term\u00f4metros;<\/li><li>Indicadores Digitais de vari\u00e1veis de processo<br \/>(corrente, vaz\u00e3o, unidades por hora e outros);<\/li><li>Sensores de N\u00edvel;<\/li><li>Reles Eletr\u00f4nicos;<\/li><li>Transdutores de Sinais;<\/li><li>Fontes de Alimenta\u00e7\u00e3o;<\/li><li>Controle autom\u00e1tico para tiragem de lodo decantadores;<\/li><li>Controle autom\u00e1tico para tratamento t\u00e9rmico de mudas de cana;<\/li><li>Dosador de Anti-Espumante para dornas de fermenta\u00e7\u00e3o;<\/li><li>Freios de duas sapatas;<\/li><li>Servo motores para turbina \u00e0 vapor;<\/li><li>Contato m\u00f3vel para barramento de ponte rolante (martelo);<\/li><\/ul>\t\t\t\t\t\t\t\t<\/div>\n\t\t\t\t<\/div>\n\t\t\t\t\t<\/div>\n\t\t<\/div>\n\t\t\t\t<div class=\"elementor-column elementor-col-50 elementor-top-column elementor-element elementor-element-5e368a4\" data-id=\"5e368a4\" data-element_type=\"column\" data-e-type=\"column\">\n\t\t\t<div class=\"elementor-widget-wrap elementor-element-populated\">\n\t\t\t\t\t\t<div class=\"elementor-element elementor-element-b8a2f3c elementor-widget elementor-widget-heading\" data-id=\"b8a2f3c\" data-element_type=\"widget\" data-e-type=\"widget\" data-widget_type=\"heading.default\">\n\t\t\t\t<div class=\"elementor-widget-container\">\n\t\t\t\t\t<h5 class=\"elementor-heading-title elementor-size-default\">Principais Produtos Comercializados<\/h5>\t\t\t\t<\/div>\n\t\t\t\t<\/div>\n\t\t\t\t<div class=\"elementor-element elementor-element-8eb6c29 elementor-widget elementor-widget-text-editor\" data-id=\"8eb6c29\" data-element_type=\"widget\" data-e-type=\"widget\" data-widget_type=\"text-editor.default\">\n\t\t\t\t<div class=\"elementor-widget-container\">\n\t\t\t\t\t\t\t\t\t<ul><li>Inversores de frequ\u00eancia;<\/li><li>Chaves Est\u00e1ticas;<\/li><li>Tacogeradores e Pick-ups magn\u00e9ticos;<\/li><li>Termoresist\u00eancias, termopares e po\u00e7os de prote\u00e7\u00e3o;<\/li><li>Controladores Micropocessados de Temperatura;<\/li><li>Controladores digitais de processo, \u201cMulti-Loop\u201d;<\/li><li>Materiais El\u00e9tricos em geral;<\/li><li>Controladores digitais de processo, \u201cSingle Loop\u201d baseados em microcontroladores como modo de controle PID e comunica\u00e7\u00e3o serial para m\u00faltiplas aplica\u00e7\u00f5es;<\/li><\/ul>\t\t\t\t\t\t\t\t<\/div>\n\t\t\t\t<\/div>\n\t\t\t\t\t<\/div>\n\t\t<\/div>\n\t\t\t\t\t<\/div>\n\t\t<\/section>\n\t\t\t\t<\/div>\n\t\t","protected":false},"excerpt":{"rendered":"<p>Conhe\u00e7a nossos produtos de alta qualidade e confiabilidade temos a solu\u00e7\u00e3o que voc\u00ea precisa SAIBA MAIS Principais Produtos Fabricados Tac\u00f4metros; Term\u00f4metros; Indicadores Digitais de vari\u00e1veis de processo(corrente, vaz\u00e3o, unidades por hora e outros); Sensores de N\u00edvel; Reles Eletr\u00f4nicos; Transdutores de Sinais; Fontes de Alimenta\u00e7\u00e3o; Controle autom\u00e1tico para tiragem de lodo decantadores; Controle autom\u00e1tico para tratamento [&hellip;]<\/p>\n","protected":false},"author":1,"featured_media":0,"parent":0,"menu_order":0,"comment_status":"closed","ping_status":"closed","template":"elementor_header_footer","meta":{"footnotes":""},"class_list":["post-38","page","type-page","status-publish","hentry"],"_links":{"self":[{"href":"https:\/\/www.servitel.com.br\/site\/wp-json\/wp\/v2\/pages\/38","targetHints":{"allow":["GET"]}}],"collection":[{"href":"https:\/\/www.servitel.com.br\/site\/wp-json\/wp\/v2\/pages"}],"about":[{"href":"https:\/\/www.servitel.com.br\/site\/wp-json\/wp\/v2\/types\/page"}],"author":[{"embeddable":true,"href":"https:\/\/www.servitel.com.br\/site\/wp-json\/wp\/v2\/users\/1"}],"replies":[{"embeddable":true,"href":"https:\/\/www.servitel.com.br\/site\/wp-json\/wp\/v2\/comments?post=38"}],"version-history":[{"count":67,"href":"https:\/\/www.servitel.com.br\/site\/wp-json\/wp\/v2\/pages\/38\/revisions"}],"predecessor-version":[{"id":1557,"href":"https:\/\/www.servitel.com.br\/site\/wp-json\/wp\/v2\/pages\/38\/revisions\/1557"}],"wp:attachment":[{"href":"https:\/\/www.servitel.com.br\/site\/wp-json\/wp\/v2\/media?parent=38"}],"curies":[{"name":"wp","href":"https:\/\/api.w.org\/{rel}","templated":true}]}}