{"id":793,"date":"2021-02-01T11:26:32","date_gmt":"2021-02-01T14:26:32","guid":{"rendered":"http:\/\/www.servitel.com.br\/site\/?page_id=793"},"modified":"2021-02-01T13:43:56","modified_gmt":"2021-02-01T16:43:56","slug":"produtos-fontes-ftc-2405","status":"publish","type":"page","link":"https:\/\/www.servitel.com.br\/site\/produtos-fontes-ftc-2405\/","title":{"rendered":"FTC-2405"},"content":{"rendered":"\t\t<div data-elementor-type=\"wp-page\" data-elementor-id=\"793\" class=\"elementor elementor-793\" data-elementor-post-type=\"page\">\n\t\t\t\t\t\t<section class=\"elementor-section elementor-top-section elementor-element elementor-element-21964faa elementor-section-boxed elementor-section-height-default elementor-section-height-default\" data-id=\"21964faa\" data-element_type=\"section\" data-e-type=\"section\">\n\t\t\t\t\t\t<div class=\"elementor-container elementor-column-gap-default\">\n\t\t\t\t\t<div class=\"elementor-column elementor-col-100 elementor-top-column elementor-element elementor-element-574dd329\" data-id=\"574dd329\" data-element_type=\"column\" data-e-type=\"column\">\n\t\t\t<div class=\"elementor-widget-wrap elementor-element-populated\">\n\t\t\t\t\t\t<div class=\"elementor-element elementor-element-5f8cd6f7 elementor-widget elementor-widget-heading\" data-id=\"5f8cd6f7\" data-element_type=\"widget\" data-e-type=\"widget\" data-widget_type=\"heading.default\">\n\t\t\t\t<div class=\"elementor-widget-container\">\n\t\t\t\t\t<h4 class=\"elementor-heading-title elementor-size-default\">Fonte de Alimenta\u00e7\u00e3o Chaveada<\/h4>\t\t\t\t<\/div>\n\t\t\t\t<\/div>\n\t\t\t\t<div class=\"elementor-element elementor-element-3326c27e elementor-widget elementor-widget-heading\" data-id=\"3326c27e\" data-element_type=\"widget\" data-e-type=\"widget\" data-widget_type=\"heading.default\">\n\t\t\t\t<div class=\"elementor-widget-container\">\n\t\t\t\t\t<h5 class=\"elementor-heading-title elementor-size-default\">MODELO<\/h5>\t\t\t\t<\/div>\n\t\t\t\t<\/div>\n\t\t\t\t<div class=\"elementor-element elementor-element-69e64276 elementor-widget elementor-widget-heading\" data-id=\"69e64276\" data-element_type=\"widget\" data-e-type=\"widget\" data-widget_type=\"heading.default\">\n\t\t\t\t<div class=\"elementor-widget-container\">\n\t\t\t\t\t<h5 class=\"elementor-heading-title elementor-size-default\">FTC-2405<\/h5>\t\t\t\t<\/div>\n\t\t\t\t<\/div>\n\t\t\t\t<div class=\"elementor-element elementor-element-6ac221c4 elementor-widget elementor-widget-heading\" data-id=\"6ac221c4\" data-element_type=\"widget\" data-e-type=\"widget\" data-widget_type=\"heading.default\">\n\t\t\t\t<div class=\"elementor-widget-container\">\n\t\t\t\t\t<h5 class=\"elementor-heading-title elementor-size-default\">REFER\u00caNCIA<\/h5>\t\t\t\t<\/div>\n\t\t\t\t<\/div>\n\t\t\t\t<div class=\"elementor-element elementor-element-1a2a964b elementor-widget elementor-widget-heading\" data-id=\"1a2a964b\" data-element_type=\"widget\" data-e-type=\"widget\" data-widget_type=\"heading.default\">\n\t\t\t\t<div class=\"elementor-widget-container\">\n\t\t\t\t\t<h5 class=\"elementor-heading-title elementor-size-default\">315<\/h5>\t\t\t\t<\/div>\n\t\t\t\t<\/div>\n\t\t\t\t\t<\/div>\n\t\t<\/div>\n\t\t\t\t\t<\/div>\n\t\t<\/section>\n\t\t\t\t<section class=\"elementor-section elementor-top-section elementor-element elementor-element-7a687b49 elementor-section-boxed elementor-section-height-default elementor-section-height-default\" data-id=\"7a687b49\" data-element_type=\"section\" data-e-type=\"section\">\n\t\t\t\t\t\t<div class=\"elementor-container elementor-column-gap-default\">\n\t\t\t\t\t<div class=\"elementor-column elementor-col-50 elementor-top-column elementor-element elementor-element-6503f7df\" data-id=\"6503f7df\" data-element_type=\"column\" data-e-type=\"column\">\n\t\t\t<div class=\"elementor-widget-wrap elementor-element-populated\">\n\t\t\t\t\t\t<div class=\"elementor-element elementor-element-30ea1391 elementor-widget elementor-widget-image\" data-id=\"30ea1391\" data-element_type=\"widget\" data-e-type=\"widget\" data-widget_type=\"image.default\">\n\t\t\t\t<div class=\"elementor-widget-container\">\n\t\t\t\t\t\t\t\t\t\t\t\t\t\t\t<img fetchpriority=\"high\" decoding=\"async\" width=\"250\" height=\"254\" src=\"https:\/\/www.servitel.com.br\/site\/wp-content\/uploads\/2020\/10\/FTC-2405.jpg\" class=\"attachment-medium size-medium wp-image-328\" alt=\"\" \/>\t\t\t\t\t\t\t\t\t\t\t\t\t\t\t<\/div>\n\t\t\t\t<\/div>\n\t\t\t\t\t<\/div>\n\t\t<\/div>\n\t\t\t\t<div class=\"elementor-column elementor-col-50 elementor-top-column elementor-element elementor-element-46c17ec2\" data-id=\"46c17ec2\" data-element_type=\"column\" data-e-type=\"column\">\n\t\t\t<div class=\"elementor-widget-wrap elementor-element-populated\">\n\t\t\t\t\t\t<div class=\"elementor-element elementor-element-472b1fd2 elementor-widget elementor-widget-heading\" data-id=\"472b1fd2\" data-element_type=\"widget\" data-e-type=\"widget\" data-widget_type=\"heading.default\">\n\t\t\t\t<div class=\"elementor-widget-container\">\n\t\t\t\t\t<h5 class=\"elementor-heading-title elementor-size-default\">Descri\u00e7\u00e3o T\u00e9cnica <\/h5>\t\t\t\t<\/div>\n\t\t\t\t<\/div>\n\t\t\t\t<div class=\"elementor-element elementor-element-272789d7 elementor-widget elementor-widget-text-editor\" data-id=\"272789d7\" data-element_type=\"widget\" data-e-type=\"widget\" data-widget_type=\"text-editor.default\">\n\t\t\t\t<div class=\"elementor-widget-container\">\n\t\t\t\t\t\t\t\t\t<p>Alimenta\u00e7\u00e3o: 127\/220Vca (Selecion\u00e1vel)<br \/>Tens\u00e3o Sa\u00edda: 24Vcc<br \/>Corrente Sa\u00edda: 5A (Nominal)<br \/>Pot\u00eancia m\u00e1x.: 120W<br \/>Ondula\u00e7\u00e3o: 0,2Vpp<br \/>Efici\u00eancia: 85%<br \/>Dimens\u00f5es: 115x55x120mm (AxLxP)<br \/>Material Inv\u00f3lucro: Caixa Met\u00e1lica<br \/>Montagem:\u00a0 Superf\u00edcie \/ Trilho DIN<\/p>\t\t\t\t\t\t\t\t<\/div>\n\t\t\t\t<\/div>\n\t\t\t\t\t<\/div>\n\t\t<\/div>\n\t\t\t\t\t<\/div>\n\t\t<\/section>\n\t\t\t\t<section class=\"elementor-section elementor-top-section elementor-element elementor-element-5392cd91 elementor-section-boxed elementor-section-height-default elementor-section-height-default\" data-id=\"5392cd91\" data-element_type=\"section\" data-e-type=\"section\">\n\t\t\t\t\t\t<div class=\"elementor-container elementor-column-gap-default\">\n\t\t\t\t\t<div class=\"elementor-column elementor-col-50 elementor-top-column elementor-element elementor-element-4100b81e\" data-id=\"4100b81e\" data-element_type=\"column\" data-e-type=\"column\">\n\t\t\t<div class=\"elementor-widget-wrap elementor-element-populated\">\n\t\t\t\t\t\t<div class=\"elementor-element elementor-element-3db91588 elementor-align-right elementor-widget elementor-widget-button\" data-id=\"3db91588\" data-element_type=\"widget\" data-e-type=\"widget\" data-widget_type=\"button.default\">\n\t\t\t\t<div class=\"elementor-widget-container\">\n\t\t\t\t\t\t\t\t\t<div class=\"elementor-button-wrapper\">\n\t\t\t\t\t<a class=\"elementor-button elementor-button-link elementor-size-sm\" href=\"http:\/\/www.servitel.com.br\/site\/produtos\/fontes\/\">\n\t\t\t\t\t\t<span class=\"elementor-button-content-wrapper\">\n\t\t\t\t\t\t<span class=\"elementor-button-icon\">\n\t\t\t\t<i aria-hidden=\"true\" class=\"fas fa-angle-left\"><\/i>\t\t\t<\/span>\n\t\t\t\t\t\t\t\t\t<span class=\"elementor-button-text\">Voltar<\/span>\n\t\t\t\t\t<\/span>\n\t\t\t\t\t<\/a>\n\t\t\t\t<\/div>\n\t\t\t\t\t\t\t\t<\/div>\n\t\t\t\t<\/div>\n\t\t\t\t\t<\/div>\n\t\t<\/div>\n\t\t\t\t<div class=\"elementor-column elementor-col-50 elementor-top-column elementor-element elementor-element-5c336464\" data-id=\"5c336464\" data-element_type=\"column\" data-e-type=\"column\">\n\t\t\t<div class=\"elementor-widget-wrap elementor-element-populated\">\n\t\t\t\t\t\t<div class=\"elementor-element elementor-element-3dab95a9 elementor-widget elementor-widget-button\" data-id=\"3dab95a9\" data-element_type=\"widget\" data-e-type=\"widget\" data-widget_type=\"button.default\">\n\t\t\t\t<div class=\"elementor-widget-container\">\n\t\t\t\t\t\t\t\t\t<div class=\"elementor-button-wrapper\">\n\t\t\t\t\t<a class=\"elementor-button elementor-button-link elementor-size-sm\" href=\"http:\/\/www.servitel.com.br\/site\/contatos\/\">\n\t\t\t\t\t\t<span class=\"elementor-button-content-wrapper\">\n\t\t\t\t\t\t<span class=\"elementor-button-icon\">\n\t\t\t\t<i aria-hidden=\"true\" class=\"fas fa-angle-right\"><\/i>\t\t\t<\/span>\n\t\t\t\t\t\t\t\t\t<span class=\"elementor-button-text\">Or\u00e7amento<\/span>\n\t\t\t\t\t<\/span>\n\t\t\t\t\t<\/a>\n\t\t\t\t<\/div>\n\t\t\t\t\t\t\t\t<\/div>\n\t\t\t\t<\/div>\n\t\t\t\t\t<\/div>\n\t\t<\/div>\n\t\t\t\t\t<\/div>\n\t\t<\/section>\n\t\t\t\t<\/div>\n\t\t","protected":false},"excerpt":{"rendered":"<p>Fonte de Alimenta\u00e7\u00e3o Chaveada MODELO FTC-2405 REFER\u00caNCIA 315 Descri\u00e7\u00e3o T\u00e9cnica Alimenta\u00e7\u00e3o: 127\/220Vca (Selecion\u00e1vel)Tens\u00e3o Sa\u00edda: 24VccCorrente Sa\u00edda: 5A (Nominal)Pot\u00eancia m\u00e1x.: 120WOndula\u00e7\u00e3o: 0,2VppEfici\u00eancia: 85%Dimens\u00f5es: 115x55x120mm (AxLxP)Material Inv\u00f3lucro: Caixa Met\u00e1licaMontagem:\u00a0 Superf\u00edcie \/ Trilho DIN Voltar Or\u00e7amento<\/p>\n","protected":false},"author":1,"featured_media":0,"parent":0,"menu_order":0,"comment_status":"closed","ping_status":"closed","template":"elementor_header_footer","meta":{"footnotes":""},"class_list":["post-793","page","type-page","status-publish","hentry"],"_links":{"self":[{"href":"https:\/\/www.servitel.com.br\/site\/wp-json\/wp\/v2\/pages\/793","targetHints":{"allow":["GET"]}}],"collection":[{"href":"https:\/\/www.servitel.com.br\/site\/wp-json\/wp\/v2\/pages"}],"about":[{"href":"https:\/\/www.servitel.com.br\/site\/wp-json\/wp\/v2\/types\/page"}],"author":[{"embeddable":true,"href":"https:\/\/www.servitel.com.br\/site\/wp-json\/wp\/v2\/users\/1"}],"replies":[{"embeddable":true,"href":"https:\/\/www.servitel.com.br\/site\/wp-json\/wp\/v2\/comments?post=793"}],"version-history":[{"count":10,"href":"https:\/\/www.servitel.com.br\/site\/wp-json\/wp\/v2\/pages\/793\/revisions"}],"predecessor-version":[{"id":862,"href":"https:\/\/www.servitel.com.br\/site\/wp-json\/wp\/v2\/pages\/793\/revisions\/862"}],"wp:attachment":[{"href":"https:\/\/www.servitel.com.br\/site\/wp-json\/wp\/v2\/media?parent=793"}],"curies":[{"name":"wp","href":"https:\/\/api.w.org\/{rel}","templated":true}]}}