{"id":878,"date":"2021-02-01T13:51:06","date_gmt":"2021-02-01T16:51:06","guid":{"rendered":"http:\/\/www.servitel.com.br\/site\/?page_id=878"},"modified":"2021-02-01T16:04:50","modified_gmt":"2021-02-01T19:04:50","slug":"produtos-indicadores-igc-2600","status":"publish","type":"page","link":"https:\/\/www.servitel.com.br\/site\/produtos-indicadores-igc-2600\/","title":{"rendered":"IGC-2600"},"content":{"rendered":"\t\t<div data-elementor-type=\"wp-page\" data-elementor-id=\"878\" class=\"elementor elementor-878\" data-elementor-post-type=\"page\">\n\t\t\t\t\t\t<section class=\"elementor-section elementor-top-section elementor-element elementor-element-7c68e116 elementor-section-boxed elementor-section-height-default elementor-section-height-default\" data-id=\"7c68e116\" data-element_type=\"section\" data-e-type=\"section\">\n\t\t\t\t\t\t<div class=\"elementor-container elementor-column-gap-default\">\n\t\t\t\t\t<div class=\"elementor-column elementor-col-100 elementor-top-column elementor-element elementor-element-3679f6cf\" data-id=\"3679f6cf\" data-element_type=\"column\" data-e-type=\"column\">\n\t\t\t<div class=\"elementor-widget-wrap elementor-element-populated\">\n\t\t\t\t\t\t<div class=\"elementor-element elementor-element-4fb226bc elementor-widget elementor-widget-heading\" data-id=\"4fb226bc\" data-element_type=\"widget\" data-e-type=\"widget\" data-widget_type=\"heading.default\">\n\t\t\t\t<div class=\"elementor-widget-container\">\n\t\t\t\t\t<h4 class=\"elementor-heading-title elementor-size-default\">Indicador Digital de Processo (Corrente I)<\/h4>\t\t\t\t<\/div>\n\t\t\t\t<\/div>\n\t\t\t\t<div class=\"elementor-element elementor-element-1bb7389e elementor-widget elementor-widget-heading\" data-id=\"1bb7389e\" data-element_type=\"widget\" data-e-type=\"widget\" data-widget_type=\"heading.default\">\n\t\t\t\t<div class=\"elementor-widget-container\">\n\t\t\t\t\t<h5 class=\"elementor-heading-title elementor-size-default\">MODELO<\/h5>\t\t\t\t<\/div>\n\t\t\t\t<\/div>\n\t\t\t\t<div class=\"elementor-element elementor-element-12bc9ad3 elementor-widget elementor-widget-heading\" data-id=\"12bc9ad3\" data-element_type=\"widget\" data-e-type=\"widget\" data-widget_type=\"heading.default\">\n\t\t\t\t<div class=\"elementor-widget-container\">\n\t\t\t\t\t<h5 class=\"elementor-heading-title elementor-size-default\">IGC-2600<\/h5>\t\t\t\t<\/div>\n\t\t\t\t<\/div>\n\t\t\t\t<div class=\"elementor-element elementor-element-ae1545 elementor-widget elementor-widget-heading\" data-id=\"ae1545\" data-element_type=\"widget\" data-e-type=\"widget\" data-widget_type=\"heading.default\">\n\t\t\t\t<div class=\"elementor-widget-container\">\n\t\t\t\t\t<h5 class=\"elementor-heading-title elementor-size-default\">REFER\u00caNCIA<\/h5>\t\t\t\t<\/div>\n\t\t\t\t<\/div>\n\t\t\t\t<div class=\"elementor-element elementor-element-4730c6ca elementor-widget elementor-widget-heading\" data-id=\"4730c6ca\" data-element_type=\"widget\" data-e-type=\"widget\" data-widget_type=\"heading.default\">\n\t\t\t\t<div class=\"elementor-widget-container\">\n\t\t\t\t\t<h5 class=\"elementor-heading-title elementor-size-default\">207<\/h5>\t\t\t\t<\/div>\n\t\t\t\t<\/div>\n\t\t\t\t\t<\/div>\n\t\t<\/div>\n\t\t\t\t\t<\/div>\n\t\t<\/section>\n\t\t\t\t<section class=\"elementor-section elementor-top-section elementor-element elementor-element-2d73940a elementor-section-boxed elementor-section-height-default elementor-section-height-default\" data-id=\"2d73940a\" data-element_type=\"section\" data-e-type=\"section\">\n\t\t\t\t\t\t<div class=\"elementor-container elementor-column-gap-default\">\n\t\t\t\t\t<div class=\"elementor-column elementor-col-50 elementor-top-column elementor-element elementor-element-55612afe\" data-id=\"55612afe\" data-element_type=\"column\" data-e-type=\"column\">\n\t\t\t<div class=\"elementor-widget-wrap elementor-element-populated\">\n\t\t\t\t\t\t<div class=\"elementor-element elementor-element-74a68845 elementor-widget elementor-widget-image\" data-id=\"74a68845\" data-element_type=\"widget\" data-e-type=\"widget\" data-widget_type=\"image.default\">\n\t\t\t\t<div class=\"elementor-widget-container\">\n\t\t\t\t\t\t\t\t\t\t\t\t\t\t\t<img fetchpriority=\"high\" decoding=\"async\" width=\"300\" height=\"300\" src=\"https:\/\/www.servitel.com.br\/site\/wp-content\/uploads\/2020\/10\/IGC-2600-300x300.jpg\" class=\"attachment-medium size-medium wp-image-339\" alt=\"\" srcset=\"https:\/\/www.servitel.com.br\/site\/wp-content\/uploads\/2020\/10\/IGC-2600-300x300.jpg 300w, https:\/\/www.servitel.com.br\/site\/wp-content\/uploads\/2020\/10\/IGC-2600-150x150.jpg 150w, https:\/\/www.servitel.com.br\/site\/wp-content\/uploads\/2020\/10\/IGC-2600.jpg 500w\" sizes=\"(max-width: 300px) 100vw, 300px\" \/>\t\t\t\t\t\t\t\t\t\t\t\t\t\t\t<\/div>\n\t\t\t\t<\/div>\n\t\t\t\t\t<\/div>\n\t\t<\/div>\n\t\t\t\t<div class=\"elementor-column elementor-col-50 elementor-top-column elementor-element elementor-element-7cfab919\" data-id=\"7cfab919\" data-element_type=\"column\" data-e-type=\"column\">\n\t\t\t<div class=\"elementor-widget-wrap elementor-element-populated\">\n\t\t\t\t\t\t<div class=\"elementor-element elementor-element-57bf55a7 elementor-widget elementor-widget-heading\" data-id=\"57bf55a7\" data-element_type=\"widget\" data-e-type=\"widget\" data-widget_type=\"heading.default\">\n\t\t\t\t<div class=\"elementor-widget-container\">\n\t\t\t\t\t<h5 class=\"elementor-heading-title elementor-size-default\">Descri\u00e7\u00e3o T\u00e9cnica <\/h5>\t\t\t\t<\/div>\n\t\t\t\t<\/div>\n\t\t\t\t<div class=\"elementor-element elementor-element-3b051986 elementor-widget elementor-widget-text-editor\" data-id=\"3b051986\" data-element_type=\"widget\" data-e-type=\"widget\" data-widget_type=\"text-editor.default\">\n\t\t\t\t<div class=\"elementor-widget-container\">\n\t\t\t\t\t\t\t\t\t<p>Alimenta\u00e7\u00e3o: 127\/220Vca \/ 60Hz<br \/>Entrada: Corrente (4 a 20mA) Outros N\u00edveis\u00a0 (Especificar)<br \/>Indica\u00e7\u00e3o: Escala definida pelo Cliente (M\u00e1x. 1999)<br \/>Imp. de Entrada: 50 Ohm M\u00e1x<br \/>Precis\u00e3o: \u00b1 0,5% do fundo de escala<br \/>Display: 3 \u00bd D\u00edgitos<br \/>Dimens\u00f5es: 48 x\u00a0 96 x\u00a0 135 (A x L x P)mm<br \/>Material Inv\u00f3lucro: ABS de Resist\u00eancia<br \/>Montagem: Frontal de Painel<\/p>\t\t\t\t\t\t\t\t<\/div>\n\t\t\t\t<\/div>\n\t\t\t\t\t<\/div>\n\t\t<\/div>\n\t\t\t\t\t<\/div>\n\t\t<\/section>\n\t\t\t\t<section class=\"elementor-section elementor-top-section elementor-element elementor-element-57038700 elementor-section-boxed elementor-section-height-default elementor-section-height-default\" data-id=\"57038700\" data-element_type=\"section\" data-e-type=\"section\">\n\t\t\t\t\t\t<div class=\"elementor-container elementor-column-gap-default\">\n\t\t\t\t\t<div class=\"elementor-column elementor-col-50 elementor-top-column elementor-element elementor-element-3152b2ac\" data-id=\"3152b2ac\" data-element_type=\"column\" data-e-type=\"column\">\n\t\t\t<div class=\"elementor-widget-wrap elementor-element-populated\">\n\t\t\t\t\t\t<div class=\"elementor-element elementor-element-6917fc6e elementor-align-right elementor-widget elementor-widget-button\" data-id=\"6917fc6e\" data-element_type=\"widget\" data-e-type=\"widget\" data-widget_type=\"button.default\">\n\t\t\t\t<div class=\"elementor-widget-container\">\n\t\t\t\t\t\t\t\t\t<div class=\"elementor-button-wrapper\">\n\t\t\t\t\t<a class=\"elementor-button elementor-button-link elementor-size-sm\" href=\"http:\/\/www.servitel.com.br\/site\/produtos\/indicadores\/\">\n\t\t\t\t\t\t<span class=\"elementor-button-content-wrapper\">\n\t\t\t\t\t\t<span class=\"elementor-button-icon\">\n\t\t\t\t<i aria-hidden=\"true\" class=\"fas fa-angle-left\"><\/i>\t\t\t<\/span>\n\t\t\t\t\t\t\t\t\t<span class=\"elementor-button-text\">Voltar<\/span>\n\t\t\t\t\t<\/span>\n\t\t\t\t\t<\/a>\n\t\t\t\t<\/div>\n\t\t\t\t\t\t\t\t<\/div>\n\t\t\t\t<\/div>\n\t\t\t\t\t<\/div>\n\t\t<\/div>\n\t\t\t\t<div class=\"elementor-column elementor-col-50 elementor-top-column elementor-element elementor-element-4fd7867b\" data-id=\"4fd7867b\" data-element_type=\"column\" data-e-type=\"column\">\n\t\t\t<div class=\"elementor-widget-wrap elementor-element-populated\">\n\t\t\t\t\t\t<div class=\"elementor-element elementor-element-6945f336 elementor-widget elementor-widget-button\" data-id=\"6945f336\" data-element_type=\"widget\" data-e-type=\"widget\" data-widget_type=\"button.default\">\n\t\t\t\t<div class=\"elementor-widget-container\">\n\t\t\t\t\t\t\t\t\t<div class=\"elementor-button-wrapper\">\n\t\t\t\t\t<a class=\"elementor-button elementor-button-link elementor-size-sm\" href=\"https:\/\/www.servitel.com.br\/site\/contatos\/\">\n\t\t\t\t\t\t<span class=\"elementor-button-content-wrapper\">\n\t\t\t\t\t\t<span class=\"elementor-button-icon\">\n\t\t\t\t<i aria-hidden=\"true\" class=\"fas fa-angle-right\"><\/i>\t\t\t<\/span>\n\t\t\t\t\t\t\t\t\t<span class=\"elementor-button-text\">Or\u00e7amento<\/span>\n\t\t\t\t\t<\/span>\n\t\t\t\t\t<\/a>\n\t\t\t\t<\/div>\n\t\t\t\t\t\t\t\t<\/div>\n\t\t\t\t<\/div>\n\t\t\t\t\t<\/div>\n\t\t<\/div>\n\t\t\t\t\t<\/div>\n\t\t<\/section>\n\t\t\t\t<\/div>\n\t\t","protected":false},"excerpt":{"rendered":"<p>Indicador Digital de Processo (Corrente I) MODELO IGC-2600 REFER\u00caNCIA 207 Descri\u00e7\u00e3o T\u00e9cnica Alimenta\u00e7\u00e3o: 127\/220Vca \/ 60HzEntrada: Corrente (4 a 20mA) Outros N\u00edveis\u00a0 (Especificar)Indica\u00e7\u00e3o: Escala definida pelo Cliente (M\u00e1x. 1999)Imp. de Entrada: 50 Ohm M\u00e1xPrecis\u00e3o: \u00b1 0,5% do fundo de escalaDisplay: 3 \u00bd D\u00edgitosDimens\u00f5es: 48 x\u00a0 96 x\u00a0 135 (A x L x P)mmMaterial Inv\u00f3lucro: ABS [&hellip;]<\/p>\n","protected":false},"author":1,"featured_media":0,"parent":0,"menu_order":0,"comment_status":"closed","ping_status":"closed","template":"elementor_header_footer","meta":{"footnotes":""},"class_list":["post-878","page","type-page","status-publish","hentry"],"_links":{"self":[{"href":"https:\/\/www.servitel.com.br\/site\/wp-json\/wp\/v2\/pages\/878","targetHints":{"allow":["GET"]}}],"collection":[{"href":"https:\/\/www.servitel.com.br\/site\/wp-json\/wp\/v2\/pages"}],"about":[{"href":"https:\/\/www.servitel.com.br\/site\/wp-json\/wp\/v2\/types\/page"}],"author":[{"embeddable":true,"href":"https:\/\/www.servitel.com.br\/site\/wp-json\/wp\/v2\/users\/1"}],"replies":[{"embeddable":true,"href":"https:\/\/www.servitel.com.br\/site\/wp-json\/wp\/v2\/comments?post=878"}],"version-history":[{"count":10,"href":"https:\/\/www.servitel.com.br\/site\/wp-json\/wp\/v2\/pages\/878\/revisions"}],"predecessor-version":[{"id":961,"href":"https:\/\/www.servitel.com.br\/site\/wp-json\/wp\/v2\/pages\/878\/revisions\/961"}],"wp:attachment":[{"href":"https:\/\/www.servitel.com.br\/site\/wp-json\/wp\/v2\/media?parent=878"}],"curies":[{"name":"wp","href":"https:\/\/api.w.org\/{rel}","templated":true}]}}